{"id":2123,"date":"2023-02-17T13:16:31","date_gmt":"2023-02-17T12:16:31","guid":{"rendered":"https:\/\/www.schlaueswasser.at\/installateure\/?page_id=2123"},"modified":"2023-02-18T08:51:45","modified_gmt":"2023-02-18T07:51:45","slug":"wie-erkennt-man-gute-installateure","status":"publish","type":"page","link":"https:\/\/www.schlaueswasser.at\/installateure\/wie-erkennt-man-gute-installateure\/","title":{"rendered":"Wie erkennt man gute Installateure?"},"content":{"rendered":"\t\t<div data-elementor-type=\"wp-page\" data-elementor-id=\"2123\" class=\"elementor elementor-2123\">\n\t\t\t\t<div class=\"elementor-element elementor-element-4c25e83 e-flex e-con-boxed e-con e-parent\" data-id=\"4c25e83\" data-element_type=\"container\" data-e-type=\"container\">\n\t\t\t\t\t<div class=\"e-con-inner\">\n\t\t\t\t<div class=\"elementor-element elementor-element-a4d5f17 elementor-widget elementor-widget-text-editor\" data-id=\"a4d5f17\" data-element_type=\"widget\" data-e-type=\"widget\" data-widget_type=\"text-editor.default\">\n\t\t\t\t<div class=\"elementor-widget-container\">\n\t\t\t\t\t\t\t\t\t<p>Gute Installateure zeichnen sich in der Regel durch ihr seri\u00f6ses und professionelles Auftreten aus. Wie in vielen anderen Branchen und Lebensbereichen, ist der erste Eindruck nat\u00fcrlich auch hier absolut berechtigt. Aber das alleine ist zu wenig, denn speziell in Bezug auf Fachwissen, Ehrlichkeit und Zuverl\u00e4ssigkeit kann man leider nicht immer auf den ersten Eindruck vertrauen. Auch was das Thema &#8222;Preis\/Leistung&#8220; betrifft, ist man meistens erst im Nachhinein schlauer, wenn das Ergebnis letztenendes nicht den Erwartungen entsprochen hat. Es gibt nie eine hundertprozentige Garantie f\u00fcr viele sch\u00f6ne und sorgenfreie Jahre im eigenen Badezimmer, oder mit der Fu\u00dfbodenheizung, <a title=\"Solaranlagen vom Installateur\" href=\"https:\/\/www.schlaueswasser.at\/installateure\/leistungen\/solaranlagen\/\">Solaranlage<\/a>, oder sonstigen Installationen, die Sie von einem <a title=\"Installateur Wien\" href=\"https:\/\/www.schlaueswasser.at\/installateure\/\">Installateur in Wien<\/a> haben k\u00f6nnen. Und auch beim <a title=\"Installateur Notdienst Wien\" href=\"https:\/\/www.schlaueswasser.at\/installateure\/installateur-notdienst-wien\/\">Installateur Notdienst<\/a> gibt es gewaltige Unterschiede, die auf den ersten Blick nicht unbedingt erkennbar sind.<\/p>\t\t\t\t\t\t\t\t<\/div>\n\t\t\t\t<\/div>\n\t\t\t\t<div class=\"elementor-element elementor-element-3612828 elementor-widget elementor-widget-image\" data-id=\"3612828\" data-element_type=\"widget\" data-e-type=\"widget\" data-widget_type=\"image.default\">\n\t\t\t\t<div class=\"elementor-widget-container\">\n\t\t\t\t\t\t\t\t\t\t\t\t\t\t\t<img fetchpriority=\"high\" decoding=\"async\" width=\"1200\" height=\"630\" src=\"https:\/\/www.schlaueswasser.at\/installateure\/wp-content\/uploads\/2020\/10\/installateur-wien-suche.jpg\" class=\"attachment-full size-full wp-image-128\" alt=\"installateur wien suche\" srcset=\"https:\/\/www.schlaueswasser.at\/installateure\/wp-content\/uploads\/2020\/10\/installateur-wien-suche.jpg 1200w, https:\/\/www.schlaueswasser.at\/installateure\/wp-content\/uploads\/2020\/10\/installateur-wien-suche-300x158.jpg 300w, https:\/\/www.schlaueswasser.at\/installateure\/wp-content\/uploads\/2020\/10\/installateur-wien-suche-1024x538.jpg 1024w, https:\/\/www.schlaueswasser.at\/installateure\/wp-content\/uploads\/2020\/10\/installateur-wien-suche-768x403.jpg 768w\" sizes=\"(max-width: 1200px) 100vw, 1200px\" \/>\t\t\t\t\t\t\t\t\t\t\t\t\t\t\t<\/div>\n\t\t\t\t<\/div>\n\t\t\t\t<div class=\"elementor-element elementor-element-20972fd elementor-widget elementor-widget-heading\" data-id=\"20972fd\" data-element_type=\"widget\" data-e-type=\"widget\" data-widget_type=\"heading.default\">\n\t\t\t\t<div class=\"elementor-widget-container\">\n\t\t\t\t\t<h2 class=\"elementor-heading-title elementor-size-default\">Was macht einen guten Installateur eigentlich aus?<\/h2>\t\t\t\t<\/div>\n\t\t\t\t<\/div>\n\t\t\t\t<div class=\"elementor-element elementor-element-b670c76 elementor-widget elementor-widget-text-editor\" data-id=\"b670c76\" data-element_type=\"widget\" data-e-type=\"widget\" data-widget_type=\"text-editor.default\">\n\t\t\t\t<div class=\"elementor-widget-container\">\n\t\t\t\t\t\t\t\t\t<p>Ein guter Installateur mit einem reinen Gewissen und entsprechendem Selbstvertrauen hat nichts zu verbergen. Ein hohes Ma\u00df an Transparenz und Termintreue sind schon einmal gute Kriterien, um zu den guten Installateuren zu geh\u00f6ren. Oftmals ist das auch schon an der Website des Installateurs zu erkennen, ob er wirklich gut ist und auch Spezialisierungen vorzuweisen hat.<\/p><h3>Kann das Alles echt sein?<\/h3><p>Ein kleiner Installateur (zB 2-Mann-Betrieb), der auf seiner Website den ganzen Installateur-Bauchladen in allen Wiener Gemeindebezirken mit 24h-Notdienst-Service anbietet, kann h\u00f6chstwahrscheinlich sein pr\u00e4sentiertes Leistungsangebot nicht wirklich realistisch in die Tat umsetzen. Denn daf\u00fcr sind weitaus mehr als nur 2 Personen erforderlich, die hier qualitativ und m\u00f6glichst zeitnah den Anforderungen entsprechen k\u00f6nnen.<\/p><h3>Qualifikation und Qualit\u00e4t an erster Stelle<\/h3><p>Einen guten Installateur erkennen Sie auch daran, dass er sich Zeit f\u00fcr Sie nimmt und strukturiert und nachvollziehbar vorgeht. Sie erkennen die fachkundige Beratung durch den Installateur daran, dass er Ihnen verschiedene Optionen anbietet und die Unterschiede der Optionen erkl\u00e4rt. Ein guter Installateur f\u00fchrt eine m\u00f6glichst ausf\u00fchrliche Anamnese durch und versucht genau Ihre Bed\u00fcrfnisse zu ermitteln. Ein guter Installateur darf und soll Ihnen auch viele Fragen stellen und er soll Sie transparent \u00fcber alle fachlichen Themen informieren. Dar\u00fcber hinaus sollte der von Ihnen gew\u00e4hlte Installateur regelm\u00e4\u00dfig und auch kurzfristig zu erreichen sein. Gerade in dringenden Situationen ist eine gute Erreichbarkeit essentiell.<\/p>\t\t\t\t\t\t\t\t<\/div>\n\t\t\t\t<\/div>\n\t\t\t\t<div class=\"elementor-element elementor-element-6d034b3 elementor-widget elementor-widget-heading\" data-id=\"6d034b3\" data-element_type=\"widget\" data-e-type=\"widget\" data-widget_type=\"heading.default\">\n\t\t\t\t<div class=\"elementor-widget-container\">\n\t\t\t\t\t<h2 class=\"elementor-heading-title elementor-size-default\">Top Installateuere in Wien<\/h2>\t\t\t\t<\/div>\n\t\t\t\t<\/div>\n\t\t\t\t<div class=\"elementor-element elementor-element-392f514 elementor-widget elementor-widget-text-editor\" data-id=\"392f514\" data-element_type=\"widget\" data-e-type=\"widget\" data-widget_type=\"text-editor.default\">\n\t\t\t\t<div class=\"elementor-widget-container\">\n\t\t\t\t\t\t\t\t\t<p>Grunds\u00e4tzlich finden Sie nur gute Installateure in unserem <a title=\"Installateur Suchverzeichnis\" href=\"https:\/\/www.schlaueswasser.at\/installateure\/\">Installateur Suchverzeichnis<\/a>, die unseren Anspr\u00fcchen entsprechen.<\/p>\t\t\t\t\t\t\t\t<\/div>\n\t\t\t\t<\/div>\n\t\t\t\t<div class=\"elementor-element elementor-element-07a2dc8 elementor-widget elementor-widget-text-editor\" data-id=\"07a2dc8\" data-element_type=\"widget\" data-e-type=\"widget\" data-widget_type=\"text-editor.default\">\n\t\t\t\t<div class=\"elementor-widget-container\">\n\t\t\t\t\t\t\t\t\t<h2>Ein seri\u00f6ser Installateur &#8230;<\/h2><p>&#8230; ist stolz auf sein Unternehmen und seine Mitarbeiter:innen. Er legt wert auf eine stimmige Unternehmensphilosophie und Kundentreue. Er zeigt sich und sein Team, weil er wei\u00df, wie gut es ist. Ein guter Beweis f\u00fcr die Seriosit\u00e4t eines Installateur-Unternehmens ist ein Blick auf das Impressum in der Website. In der Regel sollte ein Link zum Impressum immer unten in der Fu\u00dfzeile der Website zu finden sein. Manche Installateure zeigen ihr Impressum bereits schon im Hauptmen\u00fc, was schon in gewisser Weise darauf hinweist, dass der Installateur ein reines Gewissen hat.<\/p><h3>Pers\u00f6nliche Empfehlungen besser als Rezensionen<\/h3><p>Vertrauen Sie im Fall des Falles eventuell auch pers\u00f6nliche Empfehlungen von Freunden oder Bekannten, die mit dem einen oder anderen Installateur gute Erfahrungen gemachte haben. Dies ist auf jeden Fall viel mehr wert, als sogenannte Rezensionen (Bewertungen) im Internet, die oftmals auch gef\u00e4lscht oder ungerechtfertig sind. Das F\u00e4lschen von Kundenbewertungen ist immerhin schon ein eintr\u00e4gliches Gesch\u00e4ftsmodell f\u00fcr Agenturen, die daf\u00fcr sorgen, dass ihre Kunden &#8222;viele gute Rezensionen&#8220; bekommen.<\/p><h3>Qualit\u00e4t hat ihren Preis<\/h3><p>Gute Qualit\u00e4t und zuverl\u00e4ssige Arbeit darf und muss ihren Preis haben. Daher ACHTUNG vor zu preiswerten Angeboten. Hinterfragen Sie so etwas, denn meistens wird dann bei der Qualit\u00e4t von Materialien, etc.. gespart. Ein seri\u00f6ser Installateur muss aber auch nicht unbedingt der teuerste Installateur sein. Meistens befindet sich das Optimum irgendwo in der Mitte.<\/p><h3>Achtung vor Allesk\u00f6nnern<\/h3><p>Es gibt kaum Installateure, die auf alle Bereiche der Branche spezialisiert sind. Vieles wird einfach auch so irgendwie mitgemacht. Ein Installateur, der nur mit wenig Bereichen der Branche wirbt, ist h\u00f6chst wahrscheinlich auch sehr spezilisiert auf seine Kernkompetenzen. Zum Beispiel gibt es Installateurbetriebe, die sich rein auf <a title=\"Installateure die Badezimmer anbieten\" href=\"https:\/\/www.schlaueswasser.at\/installateure\/leistungen\/badezimmer\/\">Badezimmer<\/a> spezialisiert haben. Alternative Energieformen (zB <a title=\"W\u00e4rmepumpen\" href=\"https:\/\/www.schlaueswasser.at\/installateure\/leistungen\/waermepumpen\/\">W\u00e4rmepumpen<\/a>), <a title=\"Heizung\" href=\"https:\/\/www.schlaueswasser.at\/installateure\/leistungen\/heizung\/\">Heizung<\/a>, Haustechnik oder <a title=\"Rohrgebrechen\" href=\"https:\/\/www.schlaueswasser.at\/installateure\/leistungen\/rohrgebrechen\/\">Rohrgebrechen-Service<\/a> m\u00fcssen da nicht unbedingt auch automatisch im Angebot zu finden sein. Weniger ist hier manchmal mehr!<\/p>\t\t\t\t\t\t\t\t<\/div>\n\t\t\t\t<\/div>\n\t\t\t\t<div class=\"elementor-element elementor-element-46122dd elementor-widget elementor-widget-text-editor\" data-id=\"46122dd\" data-element_type=\"widget\" data-e-type=\"widget\" data-widget_type=\"text-editor.default\">\n\t\t\t\t<div class=\"elementor-widget-container\">\n\t\t\t\t\t\t\t\t\t<h4>Achtung: Irref\u00fchrende Installateur-Eintr\u00e4ge auf Google Maps &amp; Co<\/h4><p>Ein gutes Beispiel f\u00fcr die unseri\u00f6se Vorgehensweise von Installateurbetrieben ist das &#8222;F\u00e4lschen&#8220; von Google-Maps-Stecknadeln. Es sind auf Google Maps Installateur-Eintr\u00e4ge in Regionen zu finden, in welchen sich der Installateur mit seinem Standort nicht befindet. Wir haben <a title=\"Irref\u00fchrende Installateur Eintr\u00e4ge\" href=\"https:\/\/www.schlaueswasser.at\/installateure\/#irrefuehrende-installateur-eintraege\">recherchiert und aufgedeckt<\/a>.<\/p>\t\t\t\t\t\t\t\t<\/div>\n\t\t\t\t<\/div>\n\t\t\t\t\t<\/div>\n\t\t\t\t<\/div>\n\t\t<div class=\"elementor-element elementor-element-c41ee72 e-flex e-con-boxed e-con e-parent\" data-id=\"c41ee72\" data-element_type=\"container\" data-e-type=\"container\">\n\t\t\t\t\t<div class=\"e-con-inner\">\n\t\t\t\t<div class=\"elementor-element elementor-element-f7b0417 elementor-widget elementor-widget-heading\" data-id=\"f7b0417\" data-element_type=\"widget\" data-e-type=\"widget\" data-widget_type=\"heading.default\">\n\t\t\t\t<div class=\"elementor-widget-container\">\n\t\t\t\t\t<h2 class=\"elementor-heading-title elementor-size-default\">Was macht ein seri\u00f6ser Installateur?<\/h2>\t\t\t\t<\/div>\n\t\t\t\t<\/div>\n\t\t\t\t<div class=\"elementor-element elementor-element-8dc9bbd elementor-widget elementor-widget-text-editor\" data-id=\"8dc9bbd\" data-element_type=\"widget\" data-e-type=\"widget\" data-widget_type=\"text-editor.default\">\n\t\t\t\t<div class=\"elementor-widget-container\">\n\t\t\t\t\t\t\t\t\t<p>Die T\u00e4tigkeitsbereiche eines Installateurs k\u00f6nnen sehr vielseitig sein. Der Installateur f\u00fcr Sanit\u00e4r-, Heizung- und Klimatechnik ist gleichzeitig f\u00fcr s\u00e4mtliche Belange f\u00fcr Heizungsanlagen und Arbeiten im Sanit\u00e4r-Bereich t\u00e4tig. Dar\u00fcber hinaus erledigt der klassische Installateur auch T\u00e4tigkeiten im Bereich der Klimatechnik.<\/p><p>Hinzu kommen in der Regel beispielsweise auch das Installieren und warten von Solaranlagen und L\u00fcftungen hinzu. Aber man sollte nicht gleich darauf vertrauen, ob dies auch wirklich eine Spezialisierung des jeweiligen Installateurs ist. Hier macht es vielleicht auch Sinn, wenn die M\u00f6glichkeit besteht, sich Referenzen zeigen zu lassen.<\/p>\t\t\t\t\t\t\t\t<\/div>\n\t\t\t\t<\/div>\n\t\t\t\t\t<\/div>\n\t\t\t\t<\/div>\n\t\t\t\t<\/div>\n\t\t","protected":false},"excerpt":{"rendered":"<p>Gute Installateure zeichnen sich in der Regel durch ihr seri\u00f6ses und professionelles Auftreten aus. Wie in vielen anderen Branchen und Lebensbereichen, ist der erste Eindruck nat\u00fcrlich auch hier absolut berechtigt. Aber das alleine ist zu wenig, denn speziell in Bezug&#8230;<\/p>\n","protected":false},"author":1,"featured_media":0,"parent":0,"menu_order":0,"comment_status":"closed","ping_status":"closed","template":"","meta":{"_acf_changed":false,"footnotes":""},"class_list":["post-2123","page","type-page","status-publish","hentry"],"aioseo_notices":[],"acf":[],"_links":{"self":[{"href":"https:\/\/www.schlaueswasser.at\/installateure\/wp-json\/wp\/v2\/pages\/2123","targetHints":{"allow":["GET"]}}],"collection":[{"href":"https:\/\/www.schlaueswasser.at\/installateure\/wp-json\/wp\/v2\/pages"}],"about":[{"href":"https:\/\/www.schlaueswasser.at\/installateure\/wp-json\/wp\/v2\/types\/page"}],"author":[{"embeddable":true,"href":"https:\/\/www.schlaueswasser.at\/installateure\/wp-json\/wp\/v2\/users\/1"}],"replies":[{"embeddable":true,"href":"https:\/\/www.schlaueswasser.at\/installateure\/wp-json\/wp\/v2\/comments?post=2123"}],"version-history":[{"count":0,"href":"https:\/\/www.schlaueswasser.at\/installateure\/wp-json\/wp\/v2\/pages\/2123\/revisions"}],"wp:attachment":[{"href":"https:\/\/www.schlaueswasser.at\/installateure\/wp-json\/wp\/v2\/media?parent=2123"}],"curies":[{"name":"wp","href":"https:\/\/api.w.org\/{rel}","templated":true}]}}